{"id":1537,"date":"2018-08-28T10:22:20","date_gmt":"2018-08-28T10:22:20","guid":{"rendered":"https:\/\/www.tnsfood.com\/tns-kroket\/"},"modified":"2022-06-01T10:29:47","modified_gmt":"2022-06-01T08:29:47","slug":"tns-kroket","status":"publish","type":"page","link":"https:\/\/www.tnsfood.com\/de\/","title":{"rendered":"Home"},"content":{"rendered":"","protected":false},"excerpt":{"rendered":"","protected":false},"author":1,"featured_media":0,"parent":0,"menu_order":0,"comment_status":"closed","ping_status":"closed","template":"home-page.php","meta":{"_acf_changed":false,"inline_featured_image":false,"footnotes":""},"class_list":["post-1537","page","type-page","status-publish","hentry"],"acf":[],"yoast_head":"<!-- This site is optimized with the Yoast SEO plugin v27.0 - https:\/\/yoast.com\/product\/yoast-seo-wordpress\/ -->\n<title>TNS Food - Kroketten und ma\u00dfgeschnittene Zubereitungen - Just like homemade<\/title>\n<meta name=\"description\" content=\"Bereits seit dem Jahr 2000 steht TNS f\u00fcr Innovationen rund um Kroketten und Ofensnacks. Unsere lokalen und hochwertigen Zutaten garantieren \u00fcberraschende Geschmackserlebnisse.\" \/>\n<meta name=\"robots\" content=\"index, follow, max-snippet:-1, max-image-preview:large, max-video-preview:-1\" \/>\n<link rel=\"canonical\" href=\"https:\/\/www.tnsfood.com\/de\/\" \/>\n<meta property=\"og:locale\" content=\"nl_BE\" \/>\n<meta property=\"og:type\" content=\"article\" \/>\n<meta property=\"og:title\" content=\"TNS Kroket | Kroketten en bereidingen op maat | Just like homemade\" \/>\n<meta property=\"og:description\" content=\"Sinds 2000 staat TNS voor innovatie op de markt van kroketten en ovenhapjes. Onze lokale en kwalitatieve ingredi\u00ebnten garanderen verrassende smaaksensaties.\" \/>\n<meta property=\"og:url\" content=\"https:\/\/www.tnsfood.com\/de\/\" \/>\n<meta property=\"og:site_name\" content=\"TNS Food\" \/>\n<meta property=\"article:modified_time\" content=\"2022-06-01T08:29:47+00:00\" \/>\n<meta property=\"og:image\" content=\"https:\/\/www.tnsfood.com\/wp-content\/uploads\/2018\/11\/custom-products-image.jpg\" \/>\n\t<meta property=\"og:image:width\" content=\"750\" \/>\n\t<meta property=\"og:image:height\" content=\"550\" \/>\n\t<meta property=\"og:image:type\" content=\"image\/jpeg\" \/>\n<meta name=\"twitter:card\" content=\"summary_large_image\" \/>\n<script type=\"application\/ld+json\" class=\"yoast-schema-graph\">{\"@context\":\"https:\/\/schema.org\",\"@graph\":[{\"@type\":\"WebPage\",\"@id\":\"https:\/\/www.tnsfood.com\/de\/\",\"url\":\"https:\/\/www.tnsfood.com\/de\/\",\"name\":\"TNS Food - Kroketten und ma\u00dfgeschnittene Zubereitungen - Just like homemade\",\"isPartOf\":{\"@id\":\"https:\/\/www.tnsfood.com\/de\/#website\"},\"datePublished\":\"2018-08-28T10:22:20+00:00\",\"dateModified\":\"2022-06-01T08:29:47+00:00\",\"description\":\"Bereits seit dem Jahr 2000 steht TNS f\u00fcr Innovationen rund um Kroketten und Ofensnacks. Unsere lokalen und hochwertigen Zutaten garantieren \u00fcberraschende Geschmackserlebnisse.\",\"breadcrumb\":{\"@id\":\"https:\/\/www.tnsfood.com\/de\/#breadcrumb\"},\"inLanguage\":\"de\",\"potentialAction\":[{\"@type\":\"ReadAction\",\"target\":[\"https:\/\/www.tnsfood.com\/de\/\"]}]},{\"@type\":\"BreadcrumbList\",\"@id\":\"https:\/\/www.tnsfood.com\/de\/#breadcrumb\",\"itemListElement\":[{\"@type\":\"ListItem\",\"position\":1,\"name\":\"Home\",\"item\":\"https:\/\/www.tnsfood.com\/de\/\"},{\"@type\":\"ListItem\",\"position\":2,\"name\":\"Home\"}]},{\"@type\":\"WebSite\",\"@id\":\"https:\/\/www.tnsfood.com\/de\/#website\",\"url\":\"https:\/\/www.tnsfood.com\/de\/\",\"name\":\"TNS Food\",\"description\":\"\",\"potentialAction\":[{\"@type\":\"SearchAction\",\"target\":{\"@type\":\"EntryPoint\",\"urlTemplate\":\"https:\/\/www.tnsfood.com\/de\/?s={search_term_string}\"},\"query-input\":{\"@type\":\"PropertyValueSpecification\",\"valueRequired\":true,\"valueName\":\"search_term_string\"}}],\"inLanguage\":\"de\"}]}<\/script>\n<!-- \/ Yoast SEO plugin. -->","yoast_head_json":{"title":"TNS Food - Kroketten und ma\u00dfgeschnittene Zubereitungen - Just like homemade","description":"Bereits seit dem Jahr 2000 steht TNS f\u00fcr Innovationen rund um Kroketten und Ofensnacks. Unsere lokalen und hochwertigen Zutaten garantieren \u00fcberraschende Geschmackserlebnisse.","robots":{"index":"index","follow":"follow","max-snippet":"max-snippet:-1","max-image-preview":"max-image-preview:large","max-video-preview":"max-video-preview:-1"},"canonical":"https:\/\/www.tnsfood.com\/de\/","og_locale":"nl_BE","og_type":"article","og_title":"TNS Kroket | Kroketten en bereidingen op maat | Just like homemade","og_description":"Sinds 2000 staat TNS voor innovatie op de markt van kroketten en ovenhapjes. Onze lokale en kwalitatieve ingredi\u00ebnten garanderen verrassende smaaksensaties.","og_url":"https:\/\/www.tnsfood.com\/de\/","og_site_name":"TNS Food","article_modified_time":"2022-06-01T08:29:47+00:00","og_image":[{"width":750,"height":550,"url":"https:\/\/www.tnsfood.com\/wp-content\/uploads\/2018\/11\/custom-products-image.jpg","type":"image\/jpeg"}],"twitter_card":"summary_large_image","schema":{"@context":"https:\/\/schema.org","@graph":[{"@type":"WebPage","@id":"https:\/\/www.tnsfood.com\/de\/","url":"https:\/\/www.tnsfood.com\/de\/","name":"TNS Food - Kroketten und ma\u00dfgeschnittene Zubereitungen - Just like homemade","isPartOf":{"@id":"https:\/\/www.tnsfood.com\/de\/#website"},"datePublished":"2018-08-28T10:22:20+00:00","dateModified":"2022-06-01T08:29:47+00:00","description":"Bereits seit dem Jahr 2000 steht TNS f\u00fcr Innovationen rund um Kroketten und Ofensnacks. Unsere lokalen und hochwertigen Zutaten garantieren \u00fcberraschende Geschmackserlebnisse.","breadcrumb":{"@id":"https:\/\/www.tnsfood.com\/de\/#breadcrumb"},"inLanguage":"de","potentialAction":[{"@type":"ReadAction","target":["https:\/\/www.tnsfood.com\/de\/"]}]},{"@type":"BreadcrumbList","@id":"https:\/\/www.tnsfood.com\/de\/#breadcrumb","itemListElement":[{"@type":"ListItem","position":1,"name":"Home","item":"https:\/\/www.tnsfood.com\/de\/"},{"@type":"ListItem","position":2,"name":"Home"}]},{"@type":"WebSite","@id":"https:\/\/www.tnsfood.com\/de\/#website","url":"https:\/\/www.tnsfood.com\/de\/","name":"TNS Food","description":"","potentialAction":[{"@type":"SearchAction","target":{"@type":"EntryPoint","urlTemplate":"https:\/\/www.tnsfood.com\/de\/?s={search_term_string}"},"query-input":{"@type":"PropertyValueSpecification","valueRequired":true,"valueName":"search_term_string"}}],"inLanguage":"de"}]}},"_links":{"self":[{"href":"https:\/\/www.tnsfood.com\/de\/wp-json\/wp\/v2\/pages\/1537","targetHints":{"allow":["GET"]}}],"collection":[{"href":"https:\/\/www.tnsfood.com\/de\/wp-json\/wp\/v2\/pages"}],"about":[{"href":"https:\/\/www.tnsfood.com\/de\/wp-json\/wp\/v2\/types\/page"}],"author":[{"embeddable":true,"href":"https:\/\/www.tnsfood.com\/de\/wp-json\/wp\/v2\/users\/1"}],"replies":[{"embeddable":true,"href":"https:\/\/www.tnsfood.com\/de\/wp-json\/wp\/v2\/comments?post=1537"}],"version-history":[{"count":5,"href":"https:\/\/www.tnsfood.com\/de\/wp-json\/wp\/v2\/pages\/1537\/revisions"}],"predecessor-version":[{"id":1764,"href":"https:\/\/www.tnsfood.com\/de\/wp-json\/wp\/v2\/pages\/1537\/revisions\/1764"}],"wp:attachment":[{"href":"https:\/\/www.tnsfood.com\/de\/wp-json\/wp\/v2\/media?parent=1537"}],"curies":[{"name":"wp","href":"https:\/\/api.w.org\/{rel}","templated":true}]}}