{"id":1542,"date":"2018-08-28T10:22:20","date_gmt":"2018-08-28T10:22:20","guid":{"rendered":"https:\/\/www.tnsfood.com\/privacy-policy\/"},"modified":"2022-05-30T15:08:15","modified_gmt":"2022-05-30T13:08:15","slug":"datenschutzerklaerung","status":"publish","type":"page","link":"https:\/\/www.tnsfood.com\/de\/datenschutzerklaerung\/","title":{"rendered":"Datenschutzerkl\u00e4rung"},"content":{"rendered":"<h1><strong>DATENSCHUTZERKL\u00c4RUNG<\/strong><\/h1>\n<p><em>Zuletzt aktualisiert am 12.11.2018.<\/em><\/p>\n<h2>1.\u00a0\u00a0\u00a0 Herzlich willkommen!<\/h2>\n<p>Wir sind TNS Kroket, eine GmbH mit Sitz in Ringlaan 5 in 9900 Eeklo, Belgien, mit der Steuernummer BE0454074024.<\/p>\n<p>In der vorliegenden Datenschutzerkl\u00e4rung erkl\u00e4ren wir Ihnen, welche personenbezogenen Daten wir als <em>\u201eDatenverantwortliche\u201c<\/em> erfassen und wie wir diese personenbezogenen Daten nutzen und weitergeben, um unsere Dienstleistungen zu verbessern.<\/p>\n<h2>2.\u00a0\u00a0\u00a0 Personenbezogene Daten<\/h2>\n<p>Die begrenzten personenbezogenen Daten, die wir speichern, erfassen wir auf den folgenden Wegen:<\/p>\n<ul>\n<li><u>Website<\/u>: Wenn Sie unsere Website besuchen, werden bestimmte Daten (u. a. Ihre IP-Adresse) \u00fcber Cookies gespeichert, damit wir unsere Website unterhalten und fortlaufend verbessern k\u00f6nnen. Weitere Informationen \u00fcber diese Cookies finden Sie in unserer separaten <a href=\"https:\/\/www.tnsfood.com\/de\/cookie-policy\/\">Cookie-Richtlinie<\/a>.<\/li>\n<\/ul>\n<p>&nbsp;<\/p>\n<ul>\n<li><u>Gesch\u00e4ftskontakt<\/u>: Wenn Sie sich im Rahmen unserer Dienstleistungen als (potenzieller) Kunde oder Partner an uns wenden, verarbeiten wir Ihren vollst\u00e4ndigen Namen, Ihre Kontaktdaten (\u2011E-Mail-Adresse, Telefonnummer, Gesch\u00e4fts- und\/oder Wohnanschrift) und weitere f\u00fcr die Bestellung, Rechnungsstellung oder Zusammenarbeit notwendige Daten (wie Ihre Bankdaten, Kontakthistorie oder Daten zu Ihren fr\u00fcheren Bestellungen).<\/li>\n<\/ul>\n<p>&nbsp;<\/p>\n<ul>\n<li><u>Marketing<\/u>: Wenn Sie uns Ihr ausdr\u00fcckliches Einverst\u00e4ndnis erteilen, verarbeiten wir Ihren vollst\u00e4ndigen Namen und Ihre E-Mail-Adresse\u2011, um Ihnen Direktmarketing, Newsletter, Werbeaktionen und Angebote f\u00fcr unsere Produkte und Dienstleistungen zu senden. Sie k\u00f6nnen sich jederzeit und ganz einfach Marketingkommunikation dieser Art abmelden.<\/li>\n<\/ul>\n<p>&nbsp;<\/p>\n<p>Obwohl Sie niemals verpflichtet sind, uns personenbezogene Daten zu \u00fcbermitteln, kann die Erbringung unserer Dienstleistungen m\u00f6glicherweise behindert oder ausgeschlossen werden, wenn Sie uns bestimmte notwendige Angaben nicht zukommen lassen.<\/p>\n<h2>3.\u00a0\u00a0\u00a0 Verarbeitungszwecke<\/h2>\n<p>Wir verarbeiten personenbezogene Daten im Rahmen unserer allgemeinen Kunden- und Auftragsverwaltung oder zur Erbringung unserer Dienstleistungen, wie die Kundenverwaltung, die Verfolgung von Bestellungen und Lieferungen, die Rechnungsstellung, die Beantwortung von Fragen sowie zu Marketingzwecken.<\/p>\n<p>Die Verarbeitung erfolgt auf der Grundlage der folgenden Rechtsgrundlagen:<\/p>\n<ul>\n<li>auf Grundlage Ihres ausdr\u00fccklichen Einverst\u00e4ndnisses<\/li>\n<li>wenn dies f\u00fcr die Erf\u00fcllung eines Vertrags notwendig ist<\/li>\n<li>wenn dies zur Erf\u00fcllung einer gesetzlichen Verpflichtung notwendig ist<\/li>\n<li>zum Schutz Ihrer vitalen Interessen oder der vitalen Interessen anderer Personen<\/li>\n<li>f\u00fcr die Erf\u00fcllung einer Aufgabe von allgemeinem Interesse<\/li>\n<li>wenn dies zur Erf\u00fcllung unserer berechtigten Gesch\u00e4ftsinteressen notwendig ist<\/li>\n<\/ul>\n<p>Soweit die Verarbeitung personenbezogener Daten auf Grundlage Ihres ausdr\u00fccklichen Einverst\u00e4ndnisses erfolgt, haben Sie das Recht, dieses Einverst\u00e4ndnis jederzeit zu widerrufen.<\/p>\n<h2>4.\u00a0\u00a0\u00a0 Weitergabe an Dritte<\/h2>\n<p>Wenn dies f\u00fcr die Erf\u00fcllung der vorgesehenen Zwecke erforderlich ist, k\u00f6nnen wir personenbezogene Daten an unsere Mitarbeiterinnen und Mitarbeiter sowie an unsere professionellen Partner weitergeben. In diesem Fall werden unsere Partner alle notwendigen technischen und organisatorischen Ma\u00dfnahmen zum Schutz Ihrer personenbezogenen Daten treffen.<\/p>\n<p>Wir werden Ihre personenbezogene Daten niemals an Dritte weitergeben. Bei einer eventuellen Umstrukturierung sowie im Rahmen eines Konkurses oder einer \u00dcbertragung von Aktivit\u00e4ten ist jedoch eine \u00dcbermittlung von Daten, die Teil unserer Gesch\u00e4ftsaktivit\u00e4ten sind, an Dritte m\u00f6glich.<\/p>\n<p>In Sonderf\u00e4llen k\u00f6nnen wir auch verpflichtet sein, aufgrund eines Gerichtsbeschlusses oder aufgrund von zwingenden Rechtsvorschriften personenbezogene Daten weiterzugeben, z. B. im Rahmen der Betrugsbek\u00e4mpfung, bei Problemen rund um die Sicherheit oder zum Schutz unserer Rechte.<\/p>\n<h2>5.\u00a0\u00a0\u00a0 Speicherfrist<\/h2>\n<p>Wir verarbeiten und speichern personenbezogene Daten f\u00fcr einen angemessenen Zeitraum, der f\u00fcr die Erf\u00fcllung der beabsichtigten Zwecke, zur Erf\u00fcllung unseres Vertragsverh\u00e4ltnisses, zur Erf\u00fcllung gesetzlicher Anforderungen oder im Rahmen \u00fcblicher, zeitlich angemessen begrenzter Speichermethoden <em>(Backups<\/em>) erforderlich ist.<\/p>\n<h2>6.\u00a0\u00a0\u00a0 Ihre Rechte<\/h2>\n<p>Alle Personen, von denen wir personenbezogene Daten besitzen, haben jederzeit das Recht:<\/p>\n<ul>\n<li>auf Einsicht in ihre personenbezogenen Daten<\/li>\n<li>auf Korrektur und Erg\u00e4nzung ihrer personenbezogenen Daten, wenn diese unrichtig oder unvollst\u00e4ndig sind<\/li>\n<li>auf L\u00f6schung ihrer personenbezogenen Daten<\/li>\n<li>auf die Einschr\u00e4nkung der Verarbeitung ihrer personenbezogenen Daten<\/li>\n<li>auf die Unterbindung der Verarbeitung ihrer personenbezogenen Daten, sollten schwerwiegende und berechtigte Gr\u00fcnde vorliegen<\/li>\n<li>auf die \u00dcbermittlung ihrer personenbezogenen Daten an ein anderes Unternehmen<\/li>\n<\/ul>\n<p>Um die oben genannten Rechte auszu\u00fcben, setzen Sie sich bitte per E-Mail oder unter info@tnskroket.be mit uns in Verbindung. Nach Eingang Ihrer Anfrage erfolgt eine verpflichtende \u00dcberpr\u00fcfung Ihrer Identit\u00e4t.<\/p>\n<h2>7.\u00a0\u00a0\u00a0 Reklamationen<\/h2>\n<p>Bei Anmerkungen oder Fragen zu unserer Datenschutzerkl\u00e4rung wenden Sie sich bitte an uns.<\/p>\n<p>Alle Personen, deren personenbezogene Daten wir speichern, haben au\u00dferdem das Recht, eine Beschwerde bei der belgischen Datenschutzbeh\u00f6rde (Drukpersstraat 35\/Rue de la Presse 35, 1000 Br\u00fcssel, Belgien) einzureichen, <a href=\"mailto:commission@privacycommission.be\">commission@privacycommission.be<\/a>).<\/p>\n<h2>8.\u00a0\u00a0\u00a0 Sicherheit<\/h2>\n<p>Zum Schutz Ihrer personenbezogenen Daten vor Zerst\u00f6rung, Verlust, Ver\u00e4nderung, Verf\u00e4lschung, Verbreitung oder unberechtigtem Zugriff treffen wir mindestens die g\u00e4ngigen technischen und organisatorischen Sicherheitsma\u00dfnahmen, die berechtigterweise von uns erwartet werden k\u00f6nnen.<\/p>\n<p>Wir \u00fcbermitteln personenbezogene Daten nur dann an einen Partner in einem Land au\u00dferhalb des Europ\u00e4ischen Wirtschaftsraumes, wenn dieses Land ein angemessenes Schutzniveau f\u00fcr Ihre personenbezogenen Daten gew\u00e4hrleistet. Bevor wir personenbezogene Daten mit einem Partner in den Vereinigten Staaten von Amerika teilen, ben\u00f6tigen wir eine separate Vereinbarung zur Datenverarbeitung oder eine Zertifizierung gem\u00e4\u00df dem Privacy Shield Framework (EU-US-Datenschutzschild, <a href=\"http:\/\/www.privacyshield.gov\">www.privacyshield.gov<\/a>).<\/p>\n<p>Wir k\u00f6nnen nicht f\u00fcr die falsche oder unrechtm\u00e4\u00dfige Verwendung personenbezogener Daten durch Dritte haftbar gemacht werden. Die Verantwortung f\u00fcr die Vertraulichkeit und die Verwendung Ihres Rechners, Ihrer IP-Adresse sowie Ihrer Login- und Identifikationsdaten liegt au\u00dferdem immer ganz bei Ihnen.<\/p>\n<h2>9.\u00a0\u00a0\u00a0 Ihre Privatsph\u00e4re<\/h2>\n<p>Ihre Privatsph\u00e4re ist uns wichtig.<\/p>\n<p>Daher bem\u00fchen wir uns, diese bestm\u00f6glich zu sch\u00fctzen, und wir halten zu diesem Zweck die folgenden Vorschriften ein: (i) das Gesetz vom 8. Dezember 1992 \u00fcber den Schutz der Privatsph\u00e4re bei der Verarbeitung personenbezogener Daten (ge\u00e4ndert durch das Gesetz vom 11. Dezember 1998 \u00fcber die Verarbeitung personenbezogener Daten), (ii) die Anti-Spam-Bestimmungen des Buches XII des Wirtschaftsgesetzbuches \u00fcber das Recht der elektronischen Wirtschaft und (iii) die EU-Verordnung 2016\/679 vom 27. April 2016 zum Schutz nat\u00fcrlicher Personen bei der Verarbeitung personenbezogener Daten (\u201eAllgemeine Datenschutzverordnung\u201c).<\/p>\n<p>&nbsp;<\/p>\n","protected":false},"excerpt":{"rendered":"<p>DATENSCHUTZERKL\u00c4RUNG Zuletzt aktualisiert am 12.11.2018. 1.\u00a0\u00a0\u00a0 Herzlich willkommen! Wir sind TNS Kroket, eine GmbH mit Sitz in Ringlaan 5 in 9900 Eeklo, Belgien, mit der Steuernummer BE0454074024. In der vorliegenden Datenschutzerkl\u00e4rung erkl\u00e4ren wir Ihnen, welche&#8230;<\/p>\n","protected":false},"author":1,"featured_media":0,"parent":0,"menu_order":7,"comment_status":"closed","ping_status":"closed","template":"","meta":{"_acf_changed":false,"inline_featured_image":false,"footnotes":""},"class_list":["post-1542","page","type-page","status-publish","hentry"],"acf":[],"yoast_head":"<!-- This site is optimized with the Yoast SEO plugin v27.0 - https:\/\/yoast.com\/product\/yoast-seo-wordpress\/ -->\n<title>Datenschutzerkl\u00e4rung - TNS Food<\/title>\n<meta name=\"robots\" content=\"index, follow, max-snippet:-1, max-image-preview:large, max-video-preview:-1\" \/>\n<link rel=\"canonical\" href=\"https:\/\/www.tnsfood.com\/de\/datenschutzerklaerung\/\" \/>\n<meta property=\"og:locale\" content=\"nl_BE\" \/>\n<meta property=\"og:type\" content=\"article\" \/>\n<meta property=\"og:title\" content=\"Datenschutzerkl\u00e4rung - TNS Food\" \/>\n<meta property=\"og:description\" content=\"DATENSCHUTZERKL\u00c4RUNG Zuletzt aktualisiert am 12.11.2018. 1.\u00a0\u00a0\u00a0 Herzlich willkommen! Wir sind TNS Kroket, eine GmbH mit Sitz in Ringlaan 5 in 9900 Eeklo, Belgien, mit der Steuernummer BE0454074024. In der vorliegenden Datenschutzerkl\u00e4rung erkl\u00e4ren wir Ihnen, welche...\" \/>\n<meta property=\"og:url\" content=\"https:\/\/www.tnsfood.com\/de\/datenschutzerklaerung\/\" \/>\n<meta property=\"og:site_name\" content=\"TNS Food\" \/>\n<meta property=\"article:modified_time\" content=\"2022-05-30T13:08:15+00:00\" \/>\n<meta property=\"og:image\" content=\"https:\/\/www.tnsfood.com\/wp-content\/uploads\/2019\/02\/Onze_missie.jpg\" \/>\n\t<meta property=\"og:image:width\" content=\"750\" \/>\n\t<meta property=\"og:image:height\" content=\"500\" \/>\n\t<meta property=\"og:image:type\" content=\"image\/jpeg\" \/>\n<meta name=\"twitter:card\" content=\"summary_large_image\" \/>\n<meta name=\"twitter:label1\" content=\"Gesch\u00e4tzte Lesezeit\" \/>\n\t<meta name=\"twitter:data1\" content=\"5\u00a0Minuten\" \/>\n<script type=\"application\/ld+json\" class=\"yoast-schema-graph\">{\"@context\":\"https:\/\/schema.org\",\"@graph\":[{\"@type\":\"WebPage\",\"@id\":\"https:\/\/www.tnsfood.com\/de\/datenschutzerklaerung\/\",\"url\":\"https:\/\/www.tnsfood.com\/de\/datenschutzerklaerung\/\",\"name\":\"Datenschutzerkl\u00e4rung - TNS Food\",\"isPartOf\":{\"@id\":\"https:\/\/www.tnsfood.com\/de\/#website\"},\"datePublished\":\"2018-08-28T10:22:20+00:00\",\"dateModified\":\"2022-05-30T13:08:15+00:00\",\"breadcrumb\":{\"@id\":\"https:\/\/www.tnsfood.com\/de\/datenschutzerklaerung\/#breadcrumb\"},\"inLanguage\":\"de\",\"potentialAction\":[{\"@type\":\"ReadAction\",\"target\":[\"https:\/\/www.tnsfood.com\/de\/datenschutzerklaerung\/\"]}]},{\"@type\":\"BreadcrumbList\",\"@id\":\"https:\/\/www.tnsfood.com\/de\/datenschutzerklaerung\/#breadcrumb\",\"itemListElement\":[{\"@type\":\"ListItem\",\"position\":1,\"name\":\"Home\",\"item\":\"https:\/\/www.tnsfood.com\/de\/\"},{\"@type\":\"ListItem\",\"position\":2,\"name\":\"Datenschutzerkl\u00e4rung\"}]},{\"@type\":\"WebSite\",\"@id\":\"https:\/\/www.tnsfood.com\/de\/#website\",\"url\":\"https:\/\/www.tnsfood.com\/de\/\",\"name\":\"TNS Food\",\"description\":\"\",\"potentialAction\":[{\"@type\":\"SearchAction\",\"target\":{\"@type\":\"EntryPoint\",\"urlTemplate\":\"https:\/\/www.tnsfood.com\/de\/?s={search_term_string}\"},\"query-input\":{\"@type\":\"PropertyValueSpecification\",\"valueRequired\":true,\"valueName\":\"search_term_string\"}}],\"inLanguage\":\"de\"}]}<\/script>\n<!-- \/ Yoast SEO plugin. -->","yoast_head_json":{"title":"Datenschutzerkl\u00e4rung - TNS Food","robots":{"index":"index","follow":"follow","max-snippet":"max-snippet:-1","max-image-preview":"max-image-preview:large","max-video-preview":"max-video-preview:-1"},"canonical":"https:\/\/www.tnsfood.com\/de\/datenschutzerklaerung\/","og_locale":"nl_BE","og_type":"article","og_title":"Datenschutzerkl\u00e4rung - TNS Food","og_description":"DATENSCHUTZERKL\u00c4RUNG Zuletzt aktualisiert am 12.11.2018. 1.\u00a0\u00a0\u00a0 Herzlich willkommen! Wir sind TNS Kroket, eine GmbH mit Sitz in Ringlaan 5 in 9900 Eeklo, Belgien, mit der Steuernummer BE0454074024. In der vorliegenden Datenschutzerkl\u00e4rung erkl\u00e4ren wir Ihnen, welche...","og_url":"https:\/\/www.tnsfood.com\/de\/datenschutzerklaerung\/","og_site_name":"TNS Food","article_modified_time":"2022-05-30T13:08:15+00:00","og_image":[{"width":750,"height":500,"url":"https:\/\/www.tnsfood.com\/wp-content\/uploads\/2019\/02\/Onze_missie.jpg","type":"image\/jpeg"}],"twitter_card":"summary_large_image","twitter_misc":{"Gesch\u00e4tzte Lesezeit":"5\u00a0Minuten"},"schema":{"@context":"https:\/\/schema.org","@graph":[{"@type":"WebPage","@id":"https:\/\/www.tnsfood.com\/de\/datenschutzerklaerung\/","url":"https:\/\/www.tnsfood.com\/de\/datenschutzerklaerung\/","name":"Datenschutzerkl\u00e4rung - TNS Food","isPartOf":{"@id":"https:\/\/www.tnsfood.com\/de\/#website"},"datePublished":"2018-08-28T10:22:20+00:00","dateModified":"2022-05-30T13:08:15+00:00","breadcrumb":{"@id":"https:\/\/www.tnsfood.com\/de\/datenschutzerklaerung\/#breadcrumb"},"inLanguage":"de","potentialAction":[{"@type":"ReadAction","target":["https:\/\/www.tnsfood.com\/de\/datenschutzerklaerung\/"]}]},{"@type":"BreadcrumbList","@id":"https:\/\/www.tnsfood.com\/de\/datenschutzerklaerung\/#breadcrumb","itemListElement":[{"@type":"ListItem","position":1,"name":"Home","item":"https:\/\/www.tnsfood.com\/de\/"},{"@type":"ListItem","position":2,"name":"Datenschutzerkl\u00e4rung"}]},{"@type":"WebSite","@id":"https:\/\/www.tnsfood.com\/de\/#website","url":"https:\/\/www.tnsfood.com\/de\/","name":"TNS Food","description":"","potentialAction":[{"@type":"SearchAction","target":{"@type":"EntryPoint","urlTemplate":"https:\/\/www.tnsfood.com\/de\/?s={search_term_string}"},"query-input":{"@type":"PropertyValueSpecification","valueRequired":true,"valueName":"search_term_string"}}],"inLanguage":"de"}]}},"_links":{"self":[{"href":"https:\/\/www.tnsfood.com\/de\/wp-json\/wp\/v2\/pages\/1542","targetHints":{"allow":["GET"]}}],"collection":[{"href":"https:\/\/www.tnsfood.com\/de\/wp-json\/wp\/v2\/pages"}],"about":[{"href":"https:\/\/www.tnsfood.com\/de\/wp-json\/wp\/v2\/types\/page"}],"author":[{"embeddable":true,"href":"https:\/\/www.tnsfood.com\/de\/wp-json\/wp\/v2\/users\/1"}],"replies":[{"embeddable":true,"href":"https:\/\/www.tnsfood.com\/de\/wp-json\/wp\/v2\/comments?post=1542"}],"version-history":[{"count":3,"href":"https:\/\/www.tnsfood.com\/de\/wp-json\/wp\/v2\/pages\/1542\/revisions"}],"predecessor-version":[{"id":1742,"href":"https:\/\/www.tnsfood.com\/de\/wp-json\/wp\/v2\/pages\/1542\/revisions\/1742"}],"wp:attachment":[{"href":"https:\/\/www.tnsfood.com\/de\/wp-json\/wp\/v2\/media?parent=1542"}],"curies":[{"name":"wp","href":"https:\/\/api.w.org\/{rel}","templated":true}]}}