{"id":1541,"date":"2018-08-28T10:22:20","date_gmt":"2018-08-28T10:22:20","guid":{"rendered":"https:\/\/www.tnsfood.com\/privacy-policy\/"},"modified":"2022-05-23T11:45:01","modified_gmt":"2022-05-23T09:45:01","slug":"politica-de-privacidad","status":"publish","type":"page","link":"https:\/\/www.tnsfood.com\/es\/politica-de-privacidad\/","title":{"rendered":"Pol\u00edtica de privacidad"},"content":{"rendered":"<h1>POL\u00cdTICA DE PRIVACIDAD<\/h1>\n<p>\u00daltima actualizaci\u00f3n: 11\/12\/2018.<\/p>\n<h2>1.\u00a0\u00a0\u00a0 Bienvenido\/a<\/h2>\n<p>Somos TNS Kroket, una sociedad privada de responsabilidad limitada, establecida en Ringlaan 5 B-9900 Eeklo con n\u00famero de registro de empresa BE0454074024.<\/p>\n<p>En esta Pol\u00edtica de Privacidad, explicamos qu\u00e9 informaci\u00f3n personal recogemos como \u00ab<em>responsable del procesamiento<\/em>\u00bb y c\u00f3mo la utilizamos y compartimos para mejorar nuestros servicios.<\/p>\n<h2>2.\u00a0 Datos personales<\/h2>\n<p>Los limitados datos personales que guardamos se recogen de las siguientes formas:<\/p>\n<ul>\n<li><u>P\u00e1gina web<\/u>: Cuando usted visita nuestra p\u00e1gina web, se registran ciertos datos a trav\u00e9s de las cookies (incluyendo su direcci\u00f3n IP) con el fin de mantener y mejorar nuestra p\u00e1gina web. Puede encontrar m\u00e1s informaci\u00f3n sobre estas cookies en nuestra <a href=\"https:\/\/www.tnsfood.com\/es\/cookie-policy\/\"><u>Pol\u00edtica de cookies<\/u><\/a>\u00a0independiente;<\/li>\n<\/ul>\n<p>&nbsp;<\/p>\n<ul>\n<li><span style=\"text-decoration: underline;\">Relaci\u00f3n comercial<\/span>: Cuando se pone en contacto con nosotros en relaci\u00f3n con nuestros servicios como cliente o socio (potencial), procesamos su nombre completo, sus datos de contacto (direcci\u00f3n de correo electr\u00f3nico, n\u00famero de tel\u00e9fono, direcci\u00f3n de la oficina y\/o de la residencia) y otros datos necesarios para el pedido, la facturaci\u00f3n o la cooperaci\u00f3n (como sus datos bancarios, su historial de contactos o los datos relativos a sus pedidos anteriores);<\/li>\n<\/ul>\n<p>&nbsp;<\/p>\n<ul>\n<li><u>Marketing<\/u>: Si nos da permiso expl\u00edcito para hacerlo, procesaremos su nombre completo y su direcci\u00f3n de correo electr\u00f3nico para enviarle marketing directo, boletines, acciones y promociones sobre nuestros productos y servicios. Siempre puede darse de baja de forma sencilla.<\/li>\n<\/ul>\n<p>&nbsp;<\/p>\n<p>Aunque nunca est\u00e1 obligado a revelar datos personales, la negativa a proporcionar la informaci\u00f3n necesaria puede impedir o hacer imposible la prestaci\u00f3n de nuestros servicios.<\/p>\n<h2>3.\u00a0 Prop\u00f3sitos del procesamiento<\/h2>\n<p>Tratamos los datos personales como parte de nuestra gesti\u00f3n general de clientes y pedidos, o para prestar nuestros servicios. Esto incluye la administraci\u00f3n de los clientes, el seguimiento de los pedidos y las entregas, la facturaci\u00f3n, la respuesta a preguntas y para fines de marketing.<\/p>\n<p>El tratamiento se realiza en funci\u00f3n de las siguientes categor\u00edas de fundamentos jur\u00eddicos:<\/p>\n<ul>\n<li>En base a su consentimiento;<\/li>\n<li>Por necesidad para la ejecuci\u00f3n de un contrato;<\/li>\n<li>Por necesidad de cumplir con una obligaci\u00f3n legal;<\/li>\n<li>Para proteger sus intereses vitales o los de un tercero;<\/li>\n<li>Para el cumplimiento de una tarea de inter\u00e9s general;<\/li>\n<li>Por necesidad para el cumplimiento de nuestros intereses comerciales leg\u00edtimos.<\/li>\n<\/ul>\n<p>En la medida en que el procesamiento de los datos personales tiene lugar sobre la base de su consentimiento expl\u00edcito, usted tiene derecho a retirar el consentimiento dado en cualquier momento.<\/p>\n<h2>4.\u00a0 Compartir con terceros<\/h2>\n<p>Si es necesario para el cumplimiento de los fines previstos, podemos compartir los datos personales con los empleados y nuestros socios profesionales. A su vez, nuestros socios tomar\u00e1n las medidas t\u00e9cnicas y organizativas necesarias para proteger estos datos personales.<\/p>\n<p>Nunca comercializaremos con sus datos personales. Sin embargo, en el contexto de una posible reorganizaci\u00f3n, quiebra o transferencia de actividades, los datos que forman parte de nuestras actividades comerciales pueden ser transferidos a terceros.<\/p>\n<p>En casos limitados, tambi\u00e9n podemos vernos obligados a compartir los datos personales en base a una orden judicial o a una legislaci\u00f3n imperativa, como en el contexto de la prevenci\u00f3n del fraude o de cuestiones de seguridad, o para proteger nuestros propios derechos.<\/p>\n<h2>5.\u00a0 Per\u00edodo de almacenamiento<\/h2>\n<p>Los datos personales son procesados y almacenados en nuestra base de datos durante el per\u00edodo de tiempo razonable que sea necesario para el cumplimiento de los fines previstos, en funci\u00f3n de nuestra relaci\u00f3n contractual, para cumplir con los requisitos legales, o en el marco de los mecanismos de retenci\u00f3n habituales que son razonablemente limitados en el tiempo (copias de seguridad).<\/p>\n<h2>6.\u00a0 Sus derechos<\/h2>\n<p>Todas las personas cuyos datos personales poseemos tienen derecho en cualquier momento a:<\/p>\n<ul>\n<li>acceder a sus datos personales;<\/li>\n<li>que se corrijan o completen sus datos personales si son incorrectos o est\u00e1n incompletos;<\/li>\n<li>que se eliminen sus datos personales;<\/li>\n<li>restringir el procesamiento de sus datos personales;<\/li>\n<li>oponerse al procesamiento de sus datos personales por una raz\u00f3n seria y leg\u00edtima;<\/li>\n<li>que sus datos personales sean transferidos a otra empresa.<\/li>\n<\/ul>\n<p>Para ejercer los derechos anteriores, p\u00f3ngase en contacto con nosotros por correo o a trav\u00e9s de info@tnskroket.be. Al recibir su solicitud, tendremos que verificar su identidad.<\/p>\n<h2>7.\u00a0 Reclamaciones<\/h2>\n<p>Si tiene alg\u00fan comentario o pregunta sobre nuestra pol\u00edtica de privacidad, h\u00e1ganoslo saber.<\/p>\n<p>Todas las personas cuyos datos personales obran en nuestro poder tienen tambi\u00e9n derecho a presentar una reclamaci\u00f3n ante la Comisi\u00f3n para la Protecci\u00f3n de la Privacidad (rue du Peinture 35, 1000 Bruselas, <a href=\"mailto:commission@privacycommission.be\">commission@privacycommission.be<\/a>).<\/p>\n<h2>8.\u00a0 Seguridad<\/h2>\n<p>Aplicamos, como m\u00ednimo, las medidas de seguridad t\u00e9cnicas y organizativas habituales que pueden esperarse de nosotros de manera razonable para proteger sus datos personales contra la destrucci\u00f3n, p\u00e9rdida, alteraci\u00f3n, falsificaci\u00f3n, difusi\u00f3n o acceso no autorizado.<\/p>\n<p>Los datos personales s\u00f3lo se transferir\u00e1n a un socio en un pa\u00eds fuera del Espacio Econ\u00f3mico Europeo si ese pa\u00eds garantiza un nivel adecuado de protecci\u00f3n de sus datos personales. Antes de compartir datos personales con un socio en los Estados Unidos de Am\u00e9rica, requerimos un acuerdo de procesamiento separado o una certificaci\u00f3n bajo el Privacy Shield Framework (Marco del Escudo de Privacidad, <a href=\"http:\/\/www.privacyshield.gov\">www.privacyshield.gov<\/a>).<\/p>\n<p>No podemos hacernos responsables del uso incorrecto o ilegal de los datos personales por parte de un tercero. Usted sigue siendo personalmente responsable de la confidencialidad y del uso de su ordenador, de su direcci\u00f3n IP y de sus datos de acceso e identificaci\u00f3n.<\/p>\n<h2>9.\u00a0 Su privacidad<\/h2>\n<p>Su privacidad es importante para nosotros.<\/p>\n<p>Por lo tanto, nos esforzamos por protegerlos lo mejor posible y damos gran importancia al cumplimiento de (i) la Ley de 8 de diciembre de 1992 sobre la protecci\u00f3n de la intimidad en relaci\u00f3n con el procesamiento de datos personales (modificada por la Ley de 11 de diciembre de 1998, \u00abLey de procesamiento de datos personales\u00bb); (ii) las disposiciones anti-spam del Libro XII del C\u00f3digo de Derecho Econ\u00f3mico sobre el derecho de la econom\u00eda electr\u00f3nica; y (iii) el Reglamento Europeo 2016\/679 de 27 de abril de 2016 sobre la protecci\u00f3n de datos personales (\u00abReglamento General de Protecci\u00f3n de Datos\u00bb).<\/p>\n<p>&nbsp;<\/p>\n","protected":false},"excerpt":{"rendered":"<p>POL\u00cdTICA DE PRIVACIDAD \u00daltima actualizaci\u00f3n: 11\/12\/2018. 1.\u00a0\u00a0\u00a0 Bienvenido\/a Somos TNS Kroket, una sociedad privada de responsabilidad limitada, establecida en Ringlaan 5 B-9900 Eeklo con n\u00famero de registro de empresa BE0454074024. En esta Pol\u00edtica de Privacidad,&#8230;<\/p>\n","protected":false},"author":1,"featured_media":0,"parent":0,"menu_order":7,"comment_status":"closed","ping_status":"closed","template":"","meta":{"_acf_changed":false,"inline_featured_image":false,"footnotes":""},"class_list":["post-1541","page","type-page","status-publish","hentry"],"acf":[],"yoast_head":"<!-- This site is optimized with the Yoast SEO plugin v27.0 - https:\/\/yoast.com\/product\/yoast-seo-wordpress\/ -->\n<title>Pol\u00edtica de privacidad - TNS Food<\/title>\n<meta name=\"robots\" content=\"index, follow, max-snippet:-1, max-image-preview:large, max-video-preview:-1\" \/>\n<link rel=\"canonical\" href=\"https:\/\/www.tnsfood.com\/es\/politica-de-privacidad\/\" \/>\n<meta property=\"og:locale\" content=\"nl_BE\" \/>\n<meta property=\"og:type\" content=\"article\" \/>\n<meta property=\"og:title\" content=\"Pol\u00edtica de privacidad - TNS Food\" \/>\n<meta property=\"og:description\" content=\"POL\u00cdTICA DE PRIVACIDAD \u00daltima actualizaci\u00f3n: 11\/12\/2018. 1.\u00a0\u00a0\u00a0 Bienvenido\/a Somos TNS Kroket, una sociedad privada de responsabilidad limitada, establecida en Ringlaan 5 B-9900 Eeklo con n\u00famero de registro de empresa BE0454074024. En esta Pol\u00edtica de Privacidad,...\" \/>\n<meta property=\"og:url\" content=\"https:\/\/www.tnsfood.com\/es\/politica-de-privacidad\/\" \/>\n<meta property=\"og:site_name\" content=\"TNS Food\" \/>\n<meta property=\"article:modified_time\" content=\"2022-05-23T09:45:01+00:00\" \/>\n<meta property=\"og:image\" content=\"https:\/\/www.tnsfood.com\/wp-content\/uploads\/2019\/02\/Onze_missie.jpg\" \/>\n\t<meta property=\"og:image:width\" content=\"750\" \/>\n\t<meta property=\"og:image:height\" content=\"500\" \/>\n\t<meta property=\"og:image:type\" content=\"image\/jpeg\" \/>\n<meta name=\"twitter:card\" content=\"summary_large_image\" \/>\n<meta name=\"twitter:label1\" content=\"Tiempo de lectura\" \/>\n\t<meta name=\"twitter:data1\" content=\"5 minutos\" \/>\n<script type=\"application\/ld+json\" class=\"yoast-schema-graph\">{\"@context\":\"https:\/\/schema.org\",\"@graph\":[{\"@type\":\"WebPage\",\"@id\":\"https:\/\/www.tnsfood.com\/es\/politica-de-privacidad\/\",\"url\":\"https:\/\/www.tnsfood.com\/es\/politica-de-privacidad\/\",\"name\":\"Pol\u00edtica de privacidad - TNS Food\",\"isPartOf\":{\"@id\":\"https:\/\/www.tnsfood.com\/es\/#website\"},\"datePublished\":\"2018-08-28T10:22:20+00:00\",\"dateModified\":\"2022-05-23T09:45:01+00:00\",\"breadcrumb\":{\"@id\":\"https:\/\/www.tnsfood.com\/es\/politica-de-privacidad\/#breadcrumb\"},\"inLanguage\":\"es\",\"potentialAction\":[{\"@type\":\"ReadAction\",\"target\":[\"https:\/\/www.tnsfood.com\/es\/politica-de-privacidad\/\"]}]},{\"@type\":\"BreadcrumbList\",\"@id\":\"https:\/\/www.tnsfood.com\/es\/politica-de-privacidad\/#breadcrumb\",\"itemListElement\":[{\"@type\":\"ListItem\",\"position\":1,\"name\":\"Home\",\"item\":\"https:\/\/www.tnsfood.com\/es\/\"},{\"@type\":\"ListItem\",\"position\":2,\"name\":\"Pol\u00edtica de privacidad\"}]},{\"@type\":\"WebSite\",\"@id\":\"https:\/\/www.tnsfood.com\/es\/#website\",\"url\":\"https:\/\/www.tnsfood.com\/es\/\",\"name\":\"TNS Food\",\"description\":\"\",\"potentialAction\":[{\"@type\":\"SearchAction\",\"target\":{\"@type\":\"EntryPoint\",\"urlTemplate\":\"https:\/\/www.tnsfood.com\/es\/?s={search_term_string}\"},\"query-input\":{\"@type\":\"PropertyValueSpecification\",\"valueRequired\":true,\"valueName\":\"search_term_string\"}}],\"inLanguage\":\"es\"}]}<\/script>\n<!-- \/ Yoast SEO plugin. -->","yoast_head_json":{"title":"Pol\u00edtica de privacidad - TNS Food","robots":{"index":"index","follow":"follow","max-snippet":"max-snippet:-1","max-image-preview":"max-image-preview:large","max-video-preview":"max-video-preview:-1"},"canonical":"https:\/\/www.tnsfood.com\/es\/politica-de-privacidad\/","og_locale":"nl_BE","og_type":"article","og_title":"Pol\u00edtica de privacidad - TNS Food","og_description":"POL\u00cdTICA DE PRIVACIDAD \u00daltima actualizaci\u00f3n: 11\/12\/2018. 1.\u00a0\u00a0\u00a0 Bienvenido\/a Somos TNS Kroket, una sociedad privada de responsabilidad limitada, establecida en Ringlaan 5 B-9900 Eeklo con n\u00famero de registro de empresa BE0454074024. En esta Pol\u00edtica de Privacidad,...","og_url":"https:\/\/www.tnsfood.com\/es\/politica-de-privacidad\/","og_site_name":"TNS Food","article_modified_time":"2022-05-23T09:45:01+00:00","og_image":[{"width":750,"height":500,"url":"https:\/\/www.tnsfood.com\/wp-content\/uploads\/2019\/02\/Onze_missie.jpg","type":"image\/jpeg"}],"twitter_card":"summary_large_image","twitter_misc":{"Tiempo de lectura":"5 minutos"},"schema":{"@context":"https:\/\/schema.org","@graph":[{"@type":"WebPage","@id":"https:\/\/www.tnsfood.com\/es\/politica-de-privacidad\/","url":"https:\/\/www.tnsfood.com\/es\/politica-de-privacidad\/","name":"Pol\u00edtica de privacidad - TNS Food","isPartOf":{"@id":"https:\/\/www.tnsfood.com\/es\/#website"},"datePublished":"2018-08-28T10:22:20+00:00","dateModified":"2022-05-23T09:45:01+00:00","breadcrumb":{"@id":"https:\/\/www.tnsfood.com\/es\/politica-de-privacidad\/#breadcrumb"},"inLanguage":"es","potentialAction":[{"@type":"ReadAction","target":["https:\/\/www.tnsfood.com\/es\/politica-de-privacidad\/"]}]},{"@type":"BreadcrumbList","@id":"https:\/\/www.tnsfood.com\/es\/politica-de-privacidad\/#breadcrumb","itemListElement":[{"@type":"ListItem","position":1,"name":"Home","item":"https:\/\/www.tnsfood.com\/es\/"},{"@type":"ListItem","position":2,"name":"Pol\u00edtica de privacidad"}]},{"@type":"WebSite","@id":"https:\/\/www.tnsfood.com\/es\/#website","url":"https:\/\/www.tnsfood.com\/es\/","name":"TNS Food","description":"","potentialAction":[{"@type":"SearchAction","target":{"@type":"EntryPoint","urlTemplate":"https:\/\/www.tnsfood.com\/es\/?s={search_term_string}"},"query-input":{"@type":"PropertyValueSpecification","valueRequired":true,"valueName":"search_term_string"}}],"inLanguage":"es"}]}},"_links":{"self":[{"href":"https:\/\/www.tnsfood.com\/es\/wp-json\/wp\/v2\/pages\/1541","targetHints":{"allow":["GET"]}}],"collection":[{"href":"https:\/\/www.tnsfood.com\/es\/wp-json\/wp\/v2\/pages"}],"about":[{"href":"https:\/\/www.tnsfood.com\/es\/wp-json\/wp\/v2\/types\/page"}],"author":[{"embeddable":true,"href":"https:\/\/www.tnsfood.com\/es\/wp-json\/wp\/v2\/users\/1"}],"replies":[{"embeddable":true,"href":"https:\/\/www.tnsfood.com\/es\/wp-json\/wp\/v2\/comments?post=1541"}],"version-history":[{"count":2,"href":"https:\/\/www.tnsfood.com\/es\/wp-json\/wp\/v2\/pages\/1541\/revisions"}],"predecessor-version":[{"id":1682,"href":"https:\/\/www.tnsfood.com\/es\/wp-json\/wp\/v2\/pages\/1541\/revisions\/1682"}],"wp:attachment":[{"href":"https:\/\/www.tnsfood.com\/es\/wp-json\/wp\/v2\/media?parent=1541"}],"curies":[{"name":"wp","href":"https:\/\/api.w.org\/{rel}","templated":true}]}}