{"id":1684,"date":"2019-05-24T10:50:09","date_gmt":"2019-05-24T08:50:09","guid":{"rendered":"https:\/\/www.tnsfood.com\/eti-basiscode\/"},"modified":"2022-06-02T13:09:27","modified_gmt":"2022-06-02T11:09:27","slug":"codigo-basico-eti","status":"publish","type":"page","link":"https:\/\/www.tnsfood.com\/es\/codigo-basico-eti\/","title":{"rendered":"C\u00f3digo b\u00e1sico ETI"},"content":{"rendered":"<h1>El c\u00f3digo b\u00e1sico ETI<\/h1>\n<ol>\n<li>\n<h5>La contrataci\u00f3n es de libre elecci\u00f3n<\/h5>\n<ol>\n<li>No hay trabajos penitenciarios forzados, en r\u00e9gimen de servidumbre o involuntarios<\/li>\n<li>Los empleados no est\u00e1n obligados a entregar sus pertenencias personales o sus documentos de<br \/>\nidentidad a su empleador y son libres de abandonar la empresa tras avisar<br \/>\ncon una antelaci\u00f3n razonable.<\/li>\n<\/ol>\n<\/li>\n<li>\n<h5>Se respetan la libertad de asociaci\u00f3n y el derecho a la negociaci\u00f3n colectiva<\/h5>\n<ol>\n<li>Los trabajadores tienen, indistintamente, derecho a afiliarse a un sindicato o a formar uno propio,<br \/>\nas\u00ed como a estar vinculados por un convenio colectivo.<\/li>\n<li>El empresario tiene una actitud abierta hacia las actividades de los sindicatos.<\/li>\n<li>Los representantes de los trabajadores no son discriminados y son libres de ejercer su funci\u00f3n<br \/>\nrepresentativa dentro del entorno laboral.<\/li>\n<li>En los casos en los que el derecho a la libertad de asociaci\u00f3n y a la negociaci\u00f3n colectiva<br \/>\nest\u00e1 limitado por la ley, el empresario facilita, sin obst\u00e1culos, la formaci\u00f3n de medios paralelos<br \/>\nde asociaci\u00f3n y negociaci\u00f3n colectiva independientes y libres.<\/li>\n<\/ol>\n<\/li>\n<li>\n<h5>Las condiciones de trabajo son seguras e higi\u00e9nicas<\/h5>\n<ol>\n<li>Se proporciona un entorno de trabajo seguro e higi\u00e9nico, teniendo en cuenta los conocimientos<br \/>\nactuales del sector y cualquier peligro espec\u00edfico. Se adoptan las medidas adecuadas para prevenir los<br \/>\naccidentes y las lesiones asociados a la realizaci\u00f3n del trabajo o resultantes del mismo, minimizando,<br \/>\ndentro de lo razonablemente posible, las causas y los riesgos inherentes al entorno de trabajo.<\/li>\n<li>Los trabajadores recibir\u00e1n formaci\u00f3n sobre salud y seguridad a intervalos regulares y registrados. Estas<br \/>\nformaciones se repetir\u00e1n para los trabajadores nuevos o reci\u00e9n asignados.<\/li>\n<li>Debe proporcionarse acceso a instalaciones sanitarias limpias y a agua potable y, en su caso, a instalaciones<br \/>\nsanitarias para el almacenamiento de alimentos.<\/li>\n<li>Los alojamientos, cuando se proporcionen, deben estar limpios y ser seguros y deben satisfacer las<br \/>\nnecesidades b\u00e1sicas de los trabajadores.<\/li>\n<li>La empresa que aplique el c\u00f3digo deber\u00e1 nombrar a un alto directivo responsable de la salud y la seguridad.<\/li>\n<\/ol>\n<\/li>\n<li>\n<h5>No se utiliza mano de obra infantil<\/h5>\n<ol>\n<li>No habr\u00e1 explotaci\u00f3n del trabajo infantil.<\/li>\n<li>Las empresas participar\u00e1n, contribuir\u00e1n o ayudar\u00e1n a desarrollar pol\u00edticas y programas que<br \/>\nprevean la transici\u00f3n de cualquier ni\u00f1o que participe en el trabajo infantil a una instituci\u00f3n<br \/>\neducativa de calidad hasta que deje de ser considerado un ni\u00f1o; por lo que \u00abni\u00f1o\u00bb y \u00abtrabajo<br \/>\ninfantil\u00bb se definen en los anexos.<\/li>\n<li>Los ni\u00f1os o j\u00f3venes menores de 18 a\u00f1os no deben ser empleados de noche o en condiciones peligrosas.<\/li>\n<li>Estas pol\u00edticas y procedimientos se ajustar\u00e1n a las disposiciones de la Normas de la OIT.<\/li>\n<\/ol>\n<\/li>\n<li>\n<h5>Los salarios se pagan<\/h5>\n<ol>\n<li>Los salarios y las prestaciones pagadas por una semana de trabajo est\u00e1ndar cumplen como m\u00ednimo<br \/>\nlas normas nacionales o las normas de la industria, la que sea m\u00e1s alta. En cualquier caso, los salarios<br \/>\ndeben ser siempre suficientes para satisfacer las necesidades b\u00e1sicas y proporcionar un ingreso<br \/>\ndiscrecional.<\/li>\n<li>Todos los trabajadores deber\u00e1n recibir informaci\u00f3n escrita y comprensible sobre sus condiciones de<br \/>\nempleo y sus salarios antes de aceptar el trabajo y sobre los detalles de sus salarios, para un per\u00edodo<br \/>\nde pago pertinente, siempre que se les pague.<\/li>\n<li>No se permiten las retenciones salariales como medida disciplinaria, ni se permitir\u00e1n las retenciones<br \/>\nsalariales no previstas por la legislaci\u00f3n nacional sin el consentimiento expreso del trabajador afectado.<br \/>\nTodas las medidas disciplinarias deben ser registradas.<\/li>\n<\/ol>\n<\/li>\n<li>\n<h5>Las horas de trabajo no deben ser excesivas<\/h5>\n<ol>\n<li>El horario de trabajo debe ajustarse a las leyes nacionales, a los convenios colectivos y a las<br \/>\ndisposiciones de b. a f. que figuran a continuaci\u00f3n, lo que proporcione la mayor protecci\u00f3n al<br \/>\ntrabajador. Las disposiciones b. y f. se basan en las normas internacionales.<\/li>\n<li>Las horas de trabajo, excluyendo las horas extras, se determinan por contrato y no pueden superar las<br \/>\n48 horas semanales.<\/li>\n<li>Las horas extras s\u00f3lo ser\u00e1n voluntarias. Las horas extraordinarias s\u00f3lo pueden utilizarse de forma<br \/>\nresponsable, teniendo en cuenta lo siguiente: el alcance, la frecuencia y el n\u00famero de horas<br \/>\ntrabajadas tanto por los empleados individuales como por la plantilla en su conjunto. Nunca puede<br \/>\nutilizarse para sustituir el trabajo regular. Las horas extras se compensar\u00e1n siempre con una prima, que<br \/>\nse recomienda no sea inferior al 125% de la tarifa normal.<\/li>\n<li>El n\u00famero total de horas trabajadas en un per\u00edodo de siete d\u00edas no exceder\u00e1 de 60, salvo lo dispuesto<br \/>\nen el art\u00edculo e. a continuaci\u00f3n.<\/li>\n<li>Las horas de trabajo pueden superar las 60 horas cada 7 d\u00edas s\u00f3lo en circunstancias excepcionales si<br \/>\nse cumplen las siguientes condiciones:<\/p>\n<ol>\n<li>Est\u00e1 permitido por la legislaci\u00f3n nacional<\/li>\n<li>Lo permite un convenio colectivo negociado libremente con una organizaci\u00f3n de trabajadores<br \/>\nque represente a una parte significativa de la plantilla.<\/li>\n<li>Se toman las precauciones adecuadas para proteger la salud y la seguridad de los trabajadores.<\/li>\n<li>El empresario puede demostrar circunstancias excepcionales como picos de producci\u00f3n<br \/>\ninesperados, accidentes o emergencias.<\/li>\n<\/ol>\n<\/li>\n<\/ol>\n<\/li>\n<li>\n<h5>No se permite ninguna forma de discriminaci\u00f3n<\/h5>\n<ol>\n<li>No habr\u00e1 discriminaci\u00f3n en la contrataci\u00f3n, la remuneraci\u00f3n, el acceso a la formaci\u00f3n, la<br \/>\noportunidad de ascenso, el despido anticipado o la jubilaci\u00f3n por motivos de raza, casta, nacionalidad,<br \/>\nreligi\u00f3n, edad, discapacidad, sexo, estado civil, orientaci\u00f3n sexual, afiliaci\u00f3n sindical o pol\u00edtica.<\/li>\n<\/ol>\n<\/li>\n<li>\n<h5>El trabajo se presta de forma regular<\/h5>\n<ol>\n<li>En la medida de lo posible, el trabajo realizado debe basarse en una relaci\u00f3n laboral, reconocida por la<br \/>\nlegislaci\u00f3n y la pr\u00e1ctica nacionales.<\/li>\n<li>Las obligaciones con los empleados en virtud de las leyes o reglamentos laborales o sociales que se<br \/>\nderivan del empleo regular no deben eludirse mediante el uso de la subcontrataci\u00f3n, los acuerdos<br \/>\nde trabajo a domicilio o mediante contratos de formaci\u00f3n en los que no hay intenci\u00f3n de transferir<br \/>\nlas habilidades necesarias o proporcionar un empleo regular. Tampoco se pueden evitar estas<br \/>\nobligaciones mediante el uso excesivo de contratos de duraci\u00f3n determinada.<\/li>\n<\/ol>\n<\/li>\n<li>\n<h5>No se permite el trato agresivo o inhumano<\/h5>\n<ol>\n<li>El abuso f\u00edsico, las amenazas de abuso f\u00edsico, el acoso sexual o de otro tipo y el<br \/>\nabuso verbal u otras formas de intimidaci\u00f3n est\u00e1n prohibidos.<\/li>\n<\/ol>\n<\/li>\n<\/ol>\n","protected":false},"excerpt":{"rendered":"<p>El c\u00f3digo b\u00e1sico ETI La contrataci\u00f3n es de libre elecci\u00f3n No hay trabajos penitenciarios forzados, en r\u00e9gimen de servidumbre o involuntarios Los empleados no est\u00e1n obligados a entregar sus pertenencias personales o sus documentos de&#8230;<\/p>\n","protected":false},"author":3,"featured_media":0,"parent":0,"menu_order":0,"comment_status":"closed","ping_status":"closed","template":"","meta":{"_acf_changed":false,"inline_featured_image":false,"footnotes":""},"class_list":["post-1684","page","type-page","status-publish","hentry"],"acf":[],"yoast_head":"<!-- This site is optimized with the Yoast SEO plugin v27.0 - https:\/\/yoast.com\/product\/yoast-seo-wordpress\/ -->\n<title>C\u00f3digo b\u00e1sico ETI - TNS Food<\/title>\n<meta name=\"robots\" content=\"index, follow, max-snippet:-1, max-image-preview:large, max-video-preview:-1\" \/>\n<link rel=\"canonical\" href=\"https:\/\/www.tnsfood.com\/es\/codigo-basico-eti\/\" \/>\n<meta property=\"og:locale\" content=\"nl_BE\" \/>\n<meta property=\"og:type\" content=\"article\" \/>\n<meta property=\"og:title\" content=\"C\u00f3digo b\u00e1sico ETI - TNS Food\" \/>\n<meta property=\"og:description\" content=\"El c\u00f3digo b\u00e1sico ETI La contrataci\u00f3n es de libre elecci\u00f3n No hay trabajos penitenciarios forzados, en r\u00e9gimen de servidumbre o involuntarios Los empleados no est\u00e1n obligados a entregar sus pertenencias personales o sus documentos de...\" \/>\n<meta property=\"og:url\" content=\"https:\/\/www.tnsfood.com\/es\/codigo-basico-eti\/\" \/>\n<meta property=\"og:site_name\" content=\"TNS Food\" \/>\n<meta property=\"article:modified_time\" content=\"2022-06-02T11:09:27+00:00\" \/>\n<meta property=\"og:image\" content=\"https:\/\/www.tnsfood.com\/wp-content\/uploads\/2019\/02\/Onze_missie.jpg\" \/>\n\t<meta property=\"og:image:width\" content=\"750\" \/>\n\t<meta property=\"og:image:height\" content=\"500\" \/>\n\t<meta property=\"og:image:type\" content=\"image\/jpeg\" \/>\n<meta name=\"twitter:card\" content=\"summary_large_image\" \/>\n<meta name=\"twitter:label1\" content=\"Tiempo de lectura\" \/>\n\t<meta name=\"twitter:data1\" content=\"5 minutos\" \/>\n<script type=\"application\/ld+json\" class=\"yoast-schema-graph\">{\"@context\":\"https:\/\/schema.org\",\"@graph\":[{\"@type\":\"WebPage\",\"@id\":\"https:\/\/www.tnsfood.com\/es\/codigo-basico-eti\/\",\"url\":\"https:\/\/www.tnsfood.com\/es\/codigo-basico-eti\/\",\"name\":\"C\u00f3digo b\u00e1sico ETI - TNS Food\",\"isPartOf\":{\"@id\":\"https:\/\/www.tnsfood.com\/es\/#website\"},\"datePublished\":\"2019-05-24T08:50:09+00:00\",\"dateModified\":\"2022-06-02T11:09:27+00:00\",\"breadcrumb\":{\"@id\":\"https:\/\/www.tnsfood.com\/es\/codigo-basico-eti\/#breadcrumb\"},\"inLanguage\":\"es\",\"potentialAction\":[{\"@type\":\"ReadAction\",\"target\":[\"https:\/\/www.tnsfood.com\/es\/codigo-basico-eti\/\"]}]},{\"@type\":\"BreadcrumbList\",\"@id\":\"https:\/\/www.tnsfood.com\/es\/codigo-basico-eti\/#breadcrumb\",\"itemListElement\":[{\"@type\":\"ListItem\",\"position\":1,\"name\":\"Home\",\"item\":\"https:\/\/www.tnsfood.com\/es\/\"},{\"@type\":\"ListItem\",\"position\":2,\"name\":\"C\u00f3digo b\u00e1sico ETI\"}]},{\"@type\":\"WebSite\",\"@id\":\"https:\/\/www.tnsfood.com\/es\/#website\",\"url\":\"https:\/\/www.tnsfood.com\/es\/\",\"name\":\"TNS Food\",\"description\":\"\",\"potentialAction\":[{\"@type\":\"SearchAction\",\"target\":{\"@type\":\"EntryPoint\",\"urlTemplate\":\"https:\/\/www.tnsfood.com\/es\/?s={search_term_string}\"},\"query-input\":{\"@type\":\"PropertyValueSpecification\",\"valueRequired\":true,\"valueName\":\"search_term_string\"}}],\"inLanguage\":\"es\"}]}<\/script>\n<!-- \/ Yoast SEO plugin. -->","yoast_head_json":{"title":"C\u00f3digo b\u00e1sico ETI - TNS Food","robots":{"index":"index","follow":"follow","max-snippet":"max-snippet:-1","max-image-preview":"max-image-preview:large","max-video-preview":"max-video-preview:-1"},"canonical":"https:\/\/www.tnsfood.com\/es\/codigo-basico-eti\/","og_locale":"nl_BE","og_type":"article","og_title":"C\u00f3digo b\u00e1sico ETI - TNS Food","og_description":"El c\u00f3digo b\u00e1sico ETI La contrataci\u00f3n es de libre elecci\u00f3n No hay trabajos penitenciarios forzados, en r\u00e9gimen de servidumbre o involuntarios Los empleados no est\u00e1n obligados a entregar sus pertenencias personales o sus documentos de...","og_url":"https:\/\/www.tnsfood.com\/es\/codigo-basico-eti\/","og_site_name":"TNS Food","article_modified_time":"2022-06-02T11:09:27+00:00","og_image":[{"width":750,"height":500,"url":"https:\/\/www.tnsfood.com\/wp-content\/uploads\/2019\/02\/Onze_missie.jpg","type":"image\/jpeg"}],"twitter_card":"summary_large_image","twitter_misc":{"Tiempo de lectura":"5 minutos"},"schema":{"@context":"https:\/\/schema.org","@graph":[{"@type":"WebPage","@id":"https:\/\/www.tnsfood.com\/es\/codigo-basico-eti\/","url":"https:\/\/www.tnsfood.com\/es\/codigo-basico-eti\/","name":"C\u00f3digo b\u00e1sico ETI - TNS Food","isPartOf":{"@id":"https:\/\/www.tnsfood.com\/es\/#website"},"datePublished":"2019-05-24T08:50:09+00:00","dateModified":"2022-06-02T11:09:27+00:00","breadcrumb":{"@id":"https:\/\/www.tnsfood.com\/es\/codigo-basico-eti\/#breadcrumb"},"inLanguage":"es","potentialAction":[{"@type":"ReadAction","target":["https:\/\/www.tnsfood.com\/es\/codigo-basico-eti\/"]}]},{"@type":"BreadcrumbList","@id":"https:\/\/www.tnsfood.com\/es\/codigo-basico-eti\/#breadcrumb","itemListElement":[{"@type":"ListItem","position":1,"name":"Home","item":"https:\/\/www.tnsfood.com\/es\/"},{"@type":"ListItem","position":2,"name":"C\u00f3digo b\u00e1sico ETI"}]},{"@type":"WebSite","@id":"https:\/\/www.tnsfood.com\/es\/#website","url":"https:\/\/www.tnsfood.com\/es\/","name":"TNS Food","description":"","potentialAction":[{"@type":"SearchAction","target":{"@type":"EntryPoint","urlTemplate":"https:\/\/www.tnsfood.com\/es\/?s={search_term_string}"},"query-input":{"@type":"PropertyValueSpecification","valueRequired":true,"valueName":"search_term_string"}}],"inLanguage":"es"}]}},"_links":{"self":[{"href":"https:\/\/www.tnsfood.com\/es\/wp-json\/wp\/v2\/pages\/1684","targetHints":{"allow":["GET"]}}],"collection":[{"href":"https:\/\/www.tnsfood.com\/es\/wp-json\/wp\/v2\/pages"}],"about":[{"href":"https:\/\/www.tnsfood.com\/es\/wp-json\/wp\/v2\/types\/page"}],"author":[{"embeddable":true,"href":"https:\/\/www.tnsfood.com\/es\/wp-json\/wp\/v2\/users\/3"}],"replies":[{"embeddable":true,"href":"https:\/\/www.tnsfood.com\/es\/wp-json\/wp\/v2\/comments?post=1684"}],"version-history":[{"count":4,"href":"https:\/\/www.tnsfood.com\/es\/wp-json\/wp\/v2\/pages\/1684\/revisions"}],"predecessor-version":[{"id":1775,"href":"https:\/\/www.tnsfood.com\/es\/wp-json\/wp\/v2\/pages\/1684\/revisions\/1775"}],"wp:attachment":[{"href":"https:\/\/www.tnsfood.com\/es\/wp-json\/wp\/v2\/media?parent=1684"}],"curies":[{"name":"wp","href":"https:\/\/api.w.org\/{rel}","templated":true}]}}