{"id":570,"date":"2019-01-21T07:07:39","date_gmt":"2019-01-21T05:07:39","guid":{"rendered":"https:\/\/www.tnsfood.com\/?page_id=570"},"modified":"2019-01-24T11:06:28","modified_gmt":"2019-01-24T09:06:28","slug":"contact","status":"publish","type":"page","link":"https:\/\/www.tnsfood.com\/fr\/contact\/","title":{"rendered":"Contactez-nous"},"content":{"rendered":"<h1>Contactez-nous<\/h1>\n<p>Innover et concocter de nouvelles saveurs, c\u2019est toute notre vie. Inspirez-nous avec vos desiderata (gustatifs) et nous pr\u00e9parerons ensemble votre sp\u00e9cialit\u00e9 jusqu\u2019\u00e0 l\u2019assiette du consommateur. Ou demandez-nous plus d\u2019infos sur notre fa\u00e7on de travailler en compl\u00e9tant le formulaire pr\u00e9vu \u00e0 cet effet.<\/p>\n<div class=\"wpforms-container \" id=\"wpforms-654\"><form id=\"wpforms-form-654\" class=\"wpforms-validate wpforms-form\" data-formid=\"654\" method=\"post\" enctype=\"multipart\/form-data\" action=\"\/fr\/wp-json\/wp\/v2\/pages\/570\" data-token=\"fd657e8a1599ae56fd3351b322815ce7\" data-token-time=\"1777681187\"><noscript class=\"wpforms-error-noscript\">Veuillez activer JavaScript dans votre navigateur pour remplir ce formulaire.<\/noscript><div class=\"wpforms-field-container\"><div id=\"wpforms-654-field_4-container\" class=\"wpforms-field wpforms-field-select wpforms-field-select-style-classic\" data-field-id=\"4\"><label class=\"wpforms-field-label\" for=\"wpforms-654-field_4\">Sujet<\/label><select id=\"wpforms-654-field_4\" class=\"wpforms-field-large\" name=\"wpforms[fields][4]\"><option value=\"sales@tnskroket.be\"  class=\"choice-1 depth-1\"  >Sales<\/option><option value=\"hr@tnskroket.be\"  class=\"choice-3 depth-1\"  >HR<\/option><option value=\"quality@tnskroket.be\"  class=\"choice-2 depth-1\"  >Quality<\/option><option value=\"product@tnskroket.be\"  class=\"choice-4 depth-1\"  >Product development<\/option><\/select><\/div><div id=\"wpforms-654-field_0-container\" class=\"wpforms-field wpforms-field-name wpforms-one-half wpforms-first\" data-field-id=\"0\"><label class=\"wpforms-field-label\" for=\"wpforms-654-field_0\">Pr\u00e9nom\t <span class=\"wpforms-required-label\">*<\/span><\/label><input type=\"text\" id=\"wpforms-654-field_0\" class=\"wpforms-field-large wpforms-field-required\" name=\"wpforms[fields][0]\" required><\/div><div id=\"wpforms-654-field_5-container\" class=\"wpforms-field wpforms-field-name wpforms-one-half\" data-field-id=\"5\"><label class=\"wpforms-field-label\" for=\"wpforms-654-field_5\">Nom <span class=\"wpforms-required-label\">*<\/span><\/label><input type=\"text\" id=\"wpforms-654-field_5\" class=\"wpforms-field-large wpforms-field-required\" name=\"wpforms[fields][5]\" required><\/div><div id=\"wpforms-654-field_1-container\" class=\"wpforms-field wpforms-field-email wpforms-one-half wpforms-first\" data-field-id=\"1\"><label class=\"wpforms-field-label\" for=\"wpforms-654-field_1\">Adresse e-mail <span class=\"wpforms-required-label\">*<\/span><\/label><input type=\"email\" id=\"wpforms-654-field_1\" class=\"wpforms-field-large wpforms-field-required\" name=\"wpforms[fields][1]\" spellcheck=\"false\" required><\/div><div id=\"wpforms-654-field_3-container\" class=\"wpforms-field wpforms-field-phone wpforms-one-half\" data-field-id=\"3\"><label class=\"wpforms-field-label\" for=\"wpforms-654-field_3\">T\u00e9l\u00e9phone<\/label><input type=\"tel\" id=\"wpforms-654-field_3\" class=\"wpforms-field-large\" data-rule-int-phone-field=\"true\" name=\"wpforms[fields][3]\" aria-label=\"T\u00e9l\u00e9phone\" ><\/div><div id=\"wpforms-654-field_2-container\" class=\"wpforms-field wpforms-field-textarea\" data-field-id=\"2\"><label class=\"wpforms-field-label\" for=\"wpforms-654-field_2\">Message<\/label><textarea id=\"wpforms-654-field_2\" class=\"wpforms-field-large\" name=\"wpforms[fields][2]\" ><\/textarea><\/div><\/div><!-- .wpforms-field-container --><div class=\"wpforms-field wpforms-field-hp\"><label for=\"wpforms-654-field-hp\" class=\"wpforms-field-label\">Name<\/label><input type=\"text\" name=\"wpforms[hp]\" id=\"wpforms-654-field-hp\" class=\"wpforms-field-medium\"><\/div><div class=\"wpforms-recaptcha-container wpforms-is-recaptcha wpforms-is-recaptcha-type-v3\" ><input type=\"hidden\" name=\"wpforms[recaptcha]\" value=\"\"><\/div><div class=\"wpforms-submit-container\" ><input type=\"hidden\" name=\"wpforms[id]\" value=\"654\"><input type=\"hidden\" name=\"page_title\" value=\"\"><input type=\"hidden\" name=\"page_url\" value=\"https:\/\/www.tnsfood.com\/fr\/wp-json\/wp\/v2\/pages\/570\"><input type=\"hidden\" name=\"url_referer\" value=\"\"><button type=\"submit\" name=\"wpforms[submit]\" id=\"wpforms-submit-654\" class=\"wpforms-submit\" data-alt-text=\"Sending...\" data-submit-text=\"ENVOYER\" aria-live=\"assertive\" value=\"wpforms-submit\">ENVOYER<\/button><\/div><\/form><\/div>  <!-- .wpforms-container -->\n","protected":false},"excerpt":{"rendered":"<p>Contactez-nous Innover et concocter de nouvelles saveurs, c\u2019est toute notre vie. Inspirez-nous avec vos desiderata (gustatifs) et nous pr\u00e9parerons ensemble votre sp\u00e9cialit\u00e9 jusqu\u2019\u00e0 l\u2019assiette du consommateur. Ou demandez-nous plus d\u2019infos sur notre fa\u00e7on de travailler&#8230;<\/p>\n","protected":false},"author":2,"featured_media":0,"parent":0,"menu_order":6,"comment_status":"closed","ping_status":"closed","template":"contact-page.php","meta":{"_acf_changed":false,"inline_featured_image":false,"footnotes":""},"class_list":["post-570","page","type-page","status-publish","hentry"],"acf":[],"yoast_head":"<!-- This site is optimized with the Yoast SEO plugin v27.0 - https:\/\/yoast.com\/product\/yoast-seo-wordpress\/ -->\n<title>Contactez-nous - TNS Food<\/title>\n<meta name=\"robots\" content=\"index, follow, max-snippet:-1, max-image-preview:large, max-video-preview:-1\" \/>\n<link rel=\"canonical\" href=\"https:\/\/www.tnsfood.com\/fr\/contact\/\" \/>\n<meta property=\"og:locale\" content=\"nl_BE\" \/>\n<meta property=\"og:type\" content=\"article\" \/>\n<meta property=\"og:title\" content=\"Contactez-nous - TNS Food\" \/>\n<meta property=\"og:description\" content=\"Contactez-nous Innover et concocter de nouvelles saveurs, c\u2019est toute notre vie. Inspirez-nous avec vos desiderata (gustatifs) et nous pr\u00e9parerons ensemble votre sp\u00e9cialit\u00e9 jusqu\u2019\u00e0 l\u2019assiette du consommateur. Ou demandez-nous plus d\u2019infos sur notre fa\u00e7on de travailler...\" \/>\n<meta property=\"og:url\" content=\"https:\/\/www.tnsfood.com\/fr\/contact\/\" \/>\n<meta property=\"og:site_name\" content=\"TNS Food\" \/>\n<meta property=\"article:modified_time\" content=\"2019-01-24T09:06:28+00:00\" \/>\n<meta property=\"og:image\" content=\"https:\/\/www.tnsfood.com\/wp-content\/uploads\/2019\/02\/Onze_missie.jpg\" \/>\n\t<meta property=\"og:image:width\" content=\"750\" \/>\n\t<meta property=\"og:image:height\" content=\"500\" \/>\n\t<meta property=\"og:image:type\" content=\"image\/jpeg\" \/>\n<meta name=\"twitter:card\" content=\"summary_large_image\" \/>\n<script type=\"application\/ld+json\" class=\"yoast-schema-graph\">{\"@context\":\"https:\/\/schema.org\",\"@graph\":[{\"@type\":\"WebPage\",\"@id\":\"https:\/\/www.tnsfood.com\/fr\/contact\/\",\"url\":\"https:\/\/www.tnsfood.com\/fr\/contact\/\",\"name\":\"Contactez-nous - TNS Food\",\"isPartOf\":{\"@id\":\"https:\/\/www.tnsfood.com\/fr\/#website\"},\"datePublished\":\"2019-01-21T05:07:39+00:00\",\"dateModified\":\"2019-01-24T09:06:28+00:00\",\"breadcrumb\":{\"@id\":\"https:\/\/www.tnsfood.com\/fr\/contact\/#breadcrumb\"},\"inLanguage\":\"fr-FR\",\"potentialAction\":[{\"@type\":\"ReadAction\",\"target\":[\"https:\/\/www.tnsfood.com\/fr\/contact\/\"]}]},{\"@type\":\"BreadcrumbList\",\"@id\":\"https:\/\/www.tnsfood.com\/fr\/contact\/#breadcrumb\",\"itemListElement\":[{\"@type\":\"ListItem\",\"position\":1,\"name\":\"Home\",\"item\":\"https:\/\/www.tnsfood.com\/fr\/\"},{\"@type\":\"ListItem\",\"position\":2,\"name\":\"Contactez-nous\"}]},{\"@type\":\"WebSite\",\"@id\":\"https:\/\/www.tnsfood.com\/fr\/#website\",\"url\":\"https:\/\/www.tnsfood.com\/fr\/\",\"name\":\"TNS Food\",\"description\":\"\",\"potentialAction\":[{\"@type\":\"SearchAction\",\"target\":{\"@type\":\"EntryPoint\",\"urlTemplate\":\"https:\/\/www.tnsfood.com\/fr\/?s={search_term_string}\"},\"query-input\":{\"@type\":\"PropertyValueSpecification\",\"valueRequired\":true,\"valueName\":\"search_term_string\"}}],\"inLanguage\":\"fr-FR\"}]}<\/script>\n<!-- \/ Yoast SEO plugin. -->","yoast_head_json":{"title":"Contactez-nous - TNS Food","robots":{"index":"index","follow":"follow","max-snippet":"max-snippet:-1","max-image-preview":"max-image-preview:large","max-video-preview":"max-video-preview:-1"},"canonical":"https:\/\/www.tnsfood.com\/fr\/contact\/","og_locale":"nl_BE","og_type":"article","og_title":"Contactez-nous - TNS Food","og_description":"Contactez-nous Innover et concocter de nouvelles saveurs, c\u2019est toute notre vie. Inspirez-nous avec vos desiderata (gustatifs) et nous pr\u00e9parerons ensemble votre sp\u00e9cialit\u00e9 jusqu\u2019\u00e0 l\u2019assiette du consommateur. Ou demandez-nous plus d\u2019infos sur notre fa\u00e7on de travailler...","og_url":"https:\/\/www.tnsfood.com\/fr\/contact\/","og_site_name":"TNS Food","article_modified_time":"2019-01-24T09:06:28+00:00","og_image":[{"width":750,"height":500,"url":"https:\/\/www.tnsfood.com\/wp-content\/uploads\/2019\/02\/Onze_missie.jpg","type":"image\/jpeg"}],"twitter_card":"summary_large_image","schema":{"@context":"https:\/\/schema.org","@graph":[{"@type":"WebPage","@id":"https:\/\/www.tnsfood.com\/fr\/contact\/","url":"https:\/\/www.tnsfood.com\/fr\/contact\/","name":"Contactez-nous - TNS Food","isPartOf":{"@id":"https:\/\/www.tnsfood.com\/fr\/#website"},"datePublished":"2019-01-21T05:07:39+00:00","dateModified":"2019-01-24T09:06:28+00:00","breadcrumb":{"@id":"https:\/\/www.tnsfood.com\/fr\/contact\/#breadcrumb"},"inLanguage":"fr-FR","potentialAction":[{"@type":"ReadAction","target":["https:\/\/www.tnsfood.com\/fr\/contact\/"]}]},{"@type":"BreadcrumbList","@id":"https:\/\/www.tnsfood.com\/fr\/contact\/#breadcrumb","itemListElement":[{"@type":"ListItem","position":1,"name":"Home","item":"https:\/\/www.tnsfood.com\/fr\/"},{"@type":"ListItem","position":2,"name":"Contactez-nous"}]},{"@type":"WebSite","@id":"https:\/\/www.tnsfood.com\/fr\/#website","url":"https:\/\/www.tnsfood.com\/fr\/","name":"TNS Food","description":"","potentialAction":[{"@type":"SearchAction","target":{"@type":"EntryPoint","urlTemplate":"https:\/\/www.tnsfood.com\/fr\/?s={search_term_string}"},"query-input":{"@type":"PropertyValueSpecification","valueRequired":true,"valueName":"search_term_string"}}],"inLanguage":"fr-FR"}]}},"_links":{"self":[{"href":"https:\/\/www.tnsfood.com\/fr\/wp-json\/wp\/v2\/pages\/570","targetHints":{"allow":["GET"]}}],"collection":[{"href":"https:\/\/www.tnsfood.com\/fr\/wp-json\/wp\/v2\/pages"}],"about":[{"href":"https:\/\/www.tnsfood.com\/fr\/wp-json\/wp\/v2\/types\/page"}],"author":[{"embeddable":true,"href":"https:\/\/www.tnsfood.com\/fr\/wp-json\/wp\/v2\/users\/2"}],"replies":[{"embeddable":true,"href":"https:\/\/www.tnsfood.com\/fr\/wp-json\/wp\/v2\/comments?post=570"}],"version-history":[{"count":0,"href":"https:\/\/www.tnsfood.com\/fr\/wp-json\/wp\/v2\/pages\/570\/revisions"}],"wp:attachment":[{"href":"https:\/\/www.tnsfood.com\/fr\/wp-json\/wp\/v2\/media?parent=570"}],"curies":[{"name":"wp","href":"https:\/\/api.w.org\/{rel}","templated":true}]}}