{"id":835,"date":"2019-02-15T14:09:18","date_gmt":"2019-02-15T12:09:18","guid":{"rendered":"https:\/\/www.tnsfood.com\/?page_id=835"},"modified":"2019-02-15T16:09:04","modified_gmt":"2019-02-15T14:09:04","slug":"cookie-policy","status":"publish","type":"page","link":"https:\/\/www.tnsfood.com\/fr\/cookie-policy\/","title":{"rendered":"Cookie Policy"},"content":{"rendered":"<h1>POLITIQUE EN MATI\u00c8RE DE COOKIES<\/h1>\n<p><em>Derni\u00e8re mise \u00e0 jour le 15\/02\/2019.<\/em><\/p>\n<h2>1.\u00a0\u00a0\u00a0\u00a0\u00a0 Bienvenue<\/h2>\n<p>Nous sommes TNS kroket, une SPRL, \u00e9tablie \u00e0 Ringlaan 5 B-9900 Eeklo, avec num\u00e9ro d\u2019entreprise BE0454074024.<\/p>\n<p>Dans la pr\u00e9sente Politique en mati\u00e8re de cookies, nous vous expliquons quelles informations nous pouvons collecter via notre site Internet gr\u00e2ce aux cookies et comment nous les utilisons pour am\u00e9liorer nos services.<\/p>\n<p>En utilisant notre site Internet, vous acceptez notre usage des cookies.<\/p>\n<p>Cette Politique en mati\u00e8re de cookies fait partie int\u00e9grante de nos <u>Conditions g\u00e9n\u00e9rales<\/u>.<\/p>\n<h2>2.\u00a0\u00a0\u00a0\u00a0\u00a0 Cookies<\/h2>\n<p>Un <em>cookie<\/em> est un petit fichier install\u00e9 temporairement par une page Internet sur votre ordinateur ou appareil mobile quand vous visitez un site Internet. Un cookie nous permet d\u2019identifier l\u2019appareil avec lequel vous visitez notre site sans que cela nous donne acc\u00e8s \u00e0 vos donn\u00e9es personnelles.<\/p>\n<p>Les cookies sont faciles \u00e0 supprimer via les r\u00e9glages de votre navigateur. Vous pouvez param\u00e9trer votre navigateur de mani\u00e8re \u00e0 ce qu\u2019il refuse syst\u00e9matiquement les cookies. Cependant, cela peut g\u00eaner l\u2019utilisation de notre site Internet ou emp\u00eacher l\u2019acc\u00e8s \u00e0 certaines fonctionnalit\u00e9s.<\/p>\n<h2>Types de cookies<\/h2>\n<h3>2.1.\u00a0 COOKIES Fonctionnels<\/h3>\n<p>Les cookies techniques peuvent servir \u00e0 garantir le bon fonctionnement de notre site Internet. Ils pr\u00e9sentent l\u2019avantage que vous ne deviez pas toujours saisir ou charger les m\u00eames informations ou r\u00e9glages \u00e0 chacune de vos visites sur notre site Internet\u00a0:<\/p>\n<ul>\n<li><strong>PHPSESSID:<\/strong> Ce cookie est supprim\u00e9 apr\u00e8s la session. <u>(<\/u><a href=\"https:\/\/europrivacy.info\/cookie-policy\/\">https:\/\/europrivacy.info\/cookie-policy\/<\/a><u>)<\/u><\/li>\n<li><strong>CLOUDFLARE:<\/strong> Ce cookie est supprim\u00e9 apr\u00e8s un d\u00e9lai 1 an. (https:\/\/www.cloudflare.com\/cookie-policy\/)<\/li>\n<\/ul>\n<p>&nbsp;<\/p>\n<h3>2.2.\u00a0 COOKIES D\u2019Analyse<\/h3>\n<p>Gr\u00e2ce \u00e0 ces cookies, nous pouvons proc\u00e9der \u00e0 une analyse g\u00e9n\u00e9rale de l\u2019utilisation de notre site Internet. Sur la base de statistiques anonymes, nous obtenons ainsi une id\u00e9e de la mani\u00e8re dont sont visit\u00e9es nos pages Internet, \u00e0 quelle fr\u00e9quence et pendant combien de temps. Cela nous permet d\u2019am\u00e9liorer et d\u2019optimiser notre site sur la base de ces informations\u00a0:<\/p>\n<ul>\n<li><strong>Google<\/strong> <strong>Analytics (_ga):<\/strong> Ce cookie est supprim\u00e9 apr\u00e8s un d\u00e9lai 2 ans. (<a href=\"https:\/\/policies.google.com\/privacy\">https:\/\/policies.google.com\/privacy<\/a>)<\/li>\n<li><strong>Google Analytics (_gat)<\/strong><strong>:<\/strong> Ce cookie est supprim\u00e9 apr\u00e8s un d\u00e9lai 1 jour. (<a href=\"https:\/\/policies.google.com\/privacy\">https:\/\/policies.google.com\/privacy<\/a>)<\/li>\n<li><strong>Google Analytics (_gid)<\/strong><strong>:<\/strong> Ce cookie est supprim\u00e9 apr\u00e8s un d\u00e9lai 1 jour. (<a href=\"https:\/\/policies.google.com\/privacy\">https:\/\/policies.google.com\/privacy<\/a>)<\/li>\n<\/ul>\n<h3>2.3.\u00a0 Marketing<\/h3>\n<p>Gr\u00e2ce \u00e0 ces cookies, nous pouvons montrer aux personnes int\u00e9ress\u00e9es des publicit\u00e9s cibl\u00e9es \u00e0 des fins de marketing\u00a0:<\/p>\n<ul>\n<li><strong>Google Tag Manager<\/strong>: Ce cookie est supprim\u00e9 apr\u00e8s la session. (<a href=\"https:\/\/policies.google.com\/privacy\">https:\/\/policies.google.com\/privacy<\/a>)<\/li>\n<li><strong>Google:<\/strong> Ce cookie est supprim\u00e9 apr\u00e8s un d\u00e9lai 6 mois. (<a href=\"https:\/\/policies.google.com\/privacy\">https:\/\/policies.google.com\/privacy<\/a>)<\/li>\n<li><strong>Doubleclick<\/strong>. Ce cookie est supprim\u00e9 apr\u00e8s la session. (<a href=\"https:\/\/policies.google.com\/privacy\">https:\/\/policies.google.com\/privacy<\/a>)<\/li>\n<li><strong>Facebook (_fbp):<\/strong> Ce cookie est supprim\u00e9 apr\u00e8s un d\u00e9lai 1 jour. (<a href=\"https:\/\/www.facebook.com\/policy.php\">https:\/\/www.facebook.com\/policy.php<\/a>)<\/li>\n<li><strong>Facebook (fr):<\/strong> Ce cookie est supprim\u00e9 apr\u00e8s un d\u00e9lai 3 mois. (<a href=\"https:\/\/www.facebook.com\/policy.php\">https:\/\/www.facebook.com\/policy.php<\/a>)<\/li>\n<li><strong>Facebook (tr):<\/strong> Ce cookie est supprim\u00e9 apr\u00e8s la session. (<a href=\"https:\/\/www.facebook.com\/policy.php\">https:\/\/www.facebook.com\/policy.php<\/a>)<\/li>\n<\/ul>\n","protected":false},"excerpt":{"rendered":"<p>POLITIQUE EN MATI\u00c8RE DE COOKIES Derni\u00e8re mise \u00e0 jour le 15\/02\/2019. 1.\u00a0\u00a0\u00a0\u00a0\u00a0 Bienvenue Nous sommes TNS kroket, une SPRL, \u00e9tablie \u00e0 Ringlaan 5 B-9900 Eeklo, avec num\u00e9ro d\u2019entreprise BE0454074024. Dans la pr\u00e9sente Politique en mati\u00e8re&#8230;<\/p>\n","protected":false},"author":1,"featured_media":0,"parent":0,"menu_order":8,"comment_status":"closed","ping_status":"closed","template":"","meta":{"_acf_changed":false,"inline_featured_image":false,"footnotes":""},"class_list":["post-835","page","type-page","status-publish","hentry"],"acf":[],"yoast_head":"<!-- This site is optimized with the Yoast SEO plugin v27.0 - https:\/\/yoast.com\/product\/yoast-seo-wordpress\/ -->\n<title>Cookie Policy - TNS Food<\/title>\n<meta name=\"robots\" content=\"index, follow, max-snippet:-1, max-image-preview:large, max-video-preview:-1\" \/>\n<link rel=\"canonical\" href=\"https:\/\/www.tnsfood.com\/fr\/cookie-policy\/\" \/>\n<meta property=\"og:locale\" content=\"nl_BE\" \/>\n<meta property=\"og:type\" content=\"article\" \/>\n<meta property=\"og:title\" content=\"Cookie Policy - TNS Food\" \/>\n<meta property=\"og:description\" content=\"POLITIQUE EN MATI\u00c8RE DE COOKIES Derni\u00e8re mise \u00e0 jour le 15\/02\/2019. 1.\u00a0\u00a0\u00a0\u00a0\u00a0 Bienvenue Nous sommes TNS kroket, une SPRL, \u00e9tablie \u00e0 Ringlaan 5 B-9900 Eeklo, avec num\u00e9ro d\u2019entreprise BE0454074024. Dans la pr\u00e9sente Politique en mati\u00e8re...\" \/>\n<meta property=\"og:url\" content=\"https:\/\/www.tnsfood.com\/fr\/cookie-policy\/\" \/>\n<meta property=\"og:site_name\" content=\"TNS Food\" \/>\n<meta property=\"article:modified_time\" content=\"2019-02-15T14:09:04+00:00\" \/>\n<meta property=\"og:image\" content=\"https:\/\/www.tnsfood.com\/wp-content\/uploads\/2019\/02\/Onze_missie.jpg\" \/>\n\t<meta property=\"og:image:width\" content=\"750\" \/>\n\t<meta property=\"og:image:height\" content=\"500\" \/>\n\t<meta property=\"og:image:type\" content=\"image\/jpeg\" \/>\n<meta name=\"twitter:card\" content=\"summary_large_image\" \/>\n<meta name=\"twitter:label1\" content=\"Dur\u00e9e de lecture estim\u00e9e\" \/>\n\t<meta name=\"twitter:data1\" content=\"3 minutes\" \/>\n<script type=\"application\/ld+json\" class=\"yoast-schema-graph\">{\"@context\":\"https:\/\/schema.org\",\"@graph\":[{\"@type\":\"WebPage\",\"@id\":\"https:\/\/www.tnsfood.com\/fr\/cookie-policy\/\",\"url\":\"https:\/\/www.tnsfood.com\/fr\/cookie-policy\/\",\"name\":\"Cookie Policy - TNS Food\",\"isPartOf\":{\"@id\":\"https:\/\/www.tnsfood.com\/fr\/#website\"},\"datePublished\":\"2019-02-15T12:09:18+00:00\",\"dateModified\":\"2019-02-15T14:09:04+00:00\",\"breadcrumb\":{\"@id\":\"https:\/\/www.tnsfood.com\/fr\/cookie-policy\/#breadcrumb\"},\"inLanguage\":\"fr-FR\",\"potentialAction\":[{\"@type\":\"ReadAction\",\"target\":[\"https:\/\/www.tnsfood.com\/fr\/cookie-policy\/\"]}]},{\"@type\":\"BreadcrumbList\",\"@id\":\"https:\/\/www.tnsfood.com\/fr\/cookie-policy\/#breadcrumb\",\"itemListElement\":[{\"@type\":\"ListItem\",\"position\":1,\"name\":\"Home\",\"item\":\"https:\/\/www.tnsfood.com\/fr\/\"},{\"@type\":\"ListItem\",\"position\":2,\"name\":\"Cookie Policy\"}]},{\"@type\":\"WebSite\",\"@id\":\"https:\/\/www.tnsfood.com\/fr\/#website\",\"url\":\"https:\/\/www.tnsfood.com\/fr\/\",\"name\":\"TNS Food\",\"description\":\"\",\"potentialAction\":[{\"@type\":\"SearchAction\",\"target\":{\"@type\":\"EntryPoint\",\"urlTemplate\":\"https:\/\/www.tnsfood.com\/fr\/?s={search_term_string}\"},\"query-input\":{\"@type\":\"PropertyValueSpecification\",\"valueRequired\":true,\"valueName\":\"search_term_string\"}}],\"inLanguage\":\"fr-FR\"}]}<\/script>\n<!-- \/ Yoast SEO plugin. -->","yoast_head_json":{"title":"Cookie Policy - TNS Food","robots":{"index":"index","follow":"follow","max-snippet":"max-snippet:-1","max-image-preview":"max-image-preview:large","max-video-preview":"max-video-preview:-1"},"canonical":"https:\/\/www.tnsfood.com\/fr\/cookie-policy\/","og_locale":"nl_BE","og_type":"article","og_title":"Cookie Policy - TNS Food","og_description":"POLITIQUE EN MATI\u00c8RE DE COOKIES Derni\u00e8re mise \u00e0 jour le 15\/02\/2019. 1.\u00a0\u00a0\u00a0\u00a0\u00a0 Bienvenue Nous sommes TNS kroket, une SPRL, \u00e9tablie \u00e0 Ringlaan 5 B-9900 Eeklo, avec num\u00e9ro d\u2019entreprise BE0454074024. Dans la pr\u00e9sente Politique en mati\u00e8re...","og_url":"https:\/\/www.tnsfood.com\/fr\/cookie-policy\/","og_site_name":"TNS Food","article_modified_time":"2019-02-15T14:09:04+00:00","og_image":[{"width":750,"height":500,"url":"https:\/\/www.tnsfood.com\/wp-content\/uploads\/2019\/02\/Onze_missie.jpg","type":"image\/jpeg"}],"twitter_card":"summary_large_image","twitter_misc":{"Dur\u00e9e de lecture estim\u00e9e":"3 minutes"},"schema":{"@context":"https:\/\/schema.org","@graph":[{"@type":"WebPage","@id":"https:\/\/www.tnsfood.com\/fr\/cookie-policy\/","url":"https:\/\/www.tnsfood.com\/fr\/cookie-policy\/","name":"Cookie Policy - TNS Food","isPartOf":{"@id":"https:\/\/www.tnsfood.com\/fr\/#website"},"datePublished":"2019-02-15T12:09:18+00:00","dateModified":"2019-02-15T14:09:04+00:00","breadcrumb":{"@id":"https:\/\/www.tnsfood.com\/fr\/cookie-policy\/#breadcrumb"},"inLanguage":"fr-FR","potentialAction":[{"@type":"ReadAction","target":["https:\/\/www.tnsfood.com\/fr\/cookie-policy\/"]}]},{"@type":"BreadcrumbList","@id":"https:\/\/www.tnsfood.com\/fr\/cookie-policy\/#breadcrumb","itemListElement":[{"@type":"ListItem","position":1,"name":"Home","item":"https:\/\/www.tnsfood.com\/fr\/"},{"@type":"ListItem","position":2,"name":"Cookie Policy"}]},{"@type":"WebSite","@id":"https:\/\/www.tnsfood.com\/fr\/#website","url":"https:\/\/www.tnsfood.com\/fr\/","name":"TNS Food","description":"","potentialAction":[{"@type":"SearchAction","target":{"@type":"EntryPoint","urlTemplate":"https:\/\/www.tnsfood.com\/fr\/?s={search_term_string}"},"query-input":{"@type":"PropertyValueSpecification","valueRequired":true,"valueName":"search_term_string"}}],"inLanguage":"fr-FR"}]}},"_links":{"self":[{"href":"https:\/\/www.tnsfood.com\/fr\/wp-json\/wp\/v2\/pages\/835","targetHints":{"allow":["GET"]}}],"collection":[{"href":"https:\/\/www.tnsfood.com\/fr\/wp-json\/wp\/v2\/pages"}],"about":[{"href":"https:\/\/www.tnsfood.com\/fr\/wp-json\/wp\/v2\/types\/page"}],"author":[{"embeddable":true,"href":"https:\/\/www.tnsfood.com\/fr\/wp-json\/wp\/v2\/users\/1"}],"replies":[{"embeddable":true,"href":"https:\/\/www.tnsfood.com\/fr\/wp-json\/wp\/v2\/comments?post=835"}],"version-history":[{"count":0,"href":"https:\/\/www.tnsfood.com\/fr\/wp-json\/wp\/v2\/pages\/835\/revisions"}],"wp:attachment":[{"href":"https:\/\/www.tnsfood.com\/fr\/wp-json\/wp\/v2\/media?parent=835"}],"curies":[{"name":"wp","href":"https:\/\/api.w.org\/{rel}","templated":true}]}}